{"id":3856,"date":"2023-03-03T10:08:10","date_gmt":"2023-03-03T09:08:10","guid":{"rendered":"https:\/\/agripilot.com\/?post_type=product&#038;p=3856"},"modified":"2025-10-25T11:16:12","modified_gmt":"2025-10-25T10:16:12","slug":"agripilot-amw-1000","status":"publish","type":"product","link":"https:\/\/agripilot.com\/pl\/sklep\/agripilot-amw-1000\/","title":{"rendered":"Agripilot AMW 100"},"content":{"rendered":"<p>Kompletny system automatycznego kierowania Agripilot AMW 100<\/p>\n","protected":false},"excerpt":{"rendered":"<p><em>Podane ceny netto<\/em><\/p>\n<p>Kompletny system automatycznego kierowania <strong>Agripilot AMW 100<\/strong><\/p>\n<ul>\n<li>Wy\u015bwietlacz <strong>Agripilot 1110S<\/strong> (10.1 &#8222;)<\/li>\n<li>Antena RTK +\/- 2 cm<\/li>\n<li>Korekcja przechy\u0142\u00f3w<\/li>\n<li>Wirtualna belka opryskiwacza<\/li>\n<li>Opcjonalnie automatyczne sterowanie sekcjami<\/li>\n<li>Mo\u017cliwo\u015b\u0107 przek\u0142adania pomi\u0119dzy ci\u0105gnikami<\/li>\n<\/ul>\n","protected":false},"featured_media":3857,"template":"","meta":[],"product_brand":[],"product_cat":[108],"product_tag":[],"class_list":{"0":"post-3856","1":"product","2":"type-product","3":"status-publish","4":"has-post-thumbnail","6":"product_cat-automatyczne-kierowanie","8":"first","9":"instock","10":"taxable","11":"shipping-taxable","12":"purchasable","13":"product-type-simple"},"yoast_head":"<!-- This site is optimized with the Yoast SEO plugin v24.4 - https:\/\/yoast.com\/wordpress\/plugins\/seo\/ -->\n<title>Agripilot AMW 100 - Agripilot<\/title>\n<meta name=\"robots\" content=\"index, follow, max-snippet:-1, max-image-preview:large, max-video-preview:-1\" \/>\n<link rel=\"canonical\" href=\"https:\/\/agripilot.com\/product\/agripilot-amw-1000\/\" \/>\n<meta property=\"og:locale\" content=\"pl_PL\" \/>\n<meta property=\"og:type\" content=\"article\" \/>\n<meta property=\"og:title\" content=\"Agripilot AMW 100 - Agripilot\" \/>\n<meta property=\"og:description\" content=\"Podane ceny netto  Kompletny system automatycznego kierowania Agripilot AMW 100   Wy\u015bwietlacz Agripilot 1110S (10.1 &quot;)  Antena RTK +\/- 2 cm  Korekcja przechy\u0142\u00f3w  Wirtualna belka opryskiwacza  Opcjonalnie automatyczne sterowanie sekcjami  Mo\u017cliwo\u015b\u0107 przek\u0142adania pomi\u0119dzy ci\u0105gnikami\" \/>\n<meta property=\"og:url\" content=\"https:\/\/agripilot.com\/product\/agripilot-amw-1000\/\" \/>\n<meta property=\"og:site_name\" content=\"Agripilot\" \/>\n<meta property=\"article:publisher\" content=\"https:\/\/www.facebook.com\/agripilot\/\" \/>\n<meta property=\"article:modified_time\" content=\"2025-10-25T10:16:12+00:00\" \/>\n<meta property=\"og:image\" content=\"https:\/\/i0.wp.com\/agripilot.com\/wp-content\/uploads\/2023\/03\/Agripilot-AMW-100.jpg?fit=1000%2C1000&ssl=1\" \/>\n\t<meta property=\"og:image:width\" content=\"1000\" \/>\n\t<meta property=\"og:image:height\" content=\"1000\" \/>\n\t<meta property=\"og:image:type\" content=\"image\/jpeg\" \/>\n<meta name=\"twitter:card\" content=\"summary_large_image\" \/>\n<meta name=\"twitter:label1\" content=\"Szacowany czas czytania\" \/>\n\t<meta name=\"twitter:data1\" content=\"1 minuta\" \/>\n<script type=\"application\/ld+json\" class=\"yoast-schema-graph\">{\"@context\":\"https:\/\/schema.org\",\"@graph\":[{\"@type\":\"WebPage\",\"@id\":\"https:\/\/agripilot.com\/product\/agripilot-amw-1000\/\",\"url\":\"https:\/\/agripilot.com\/product\/agripilot-amw-1000\/\",\"name\":\"Agripilot AMW 100 - Agripilot\",\"isPartOf\":{\"@id\":\"https:\/\/agripilot.com\/pl\/#website\"},\"primaryImageOfPage\":{\"@id\":\"https:\/\/agripilot.com\/product\/agripilot-amw-1000\/#primaryimage\"},\"image\":{\"@id\":\"https:\/\/agripilot.com\/product\/agripilot-amw-1000\/#primaryimage\"},\"thumbnailUrl\":\"https:\/\/i0.wp.com\/agripilot.com\/wp-content\/uploads\/2023\/03\/Agripilot-AMW-100.jpg?fit=1000%2C1000&ssl=1\",\"datePublished\":\"2023-03-03T09:08:10+00:00\",\"dateModified\":\"2025-10-25T10:16:12+00:00\",\"breadcrumb\":{\"@id\":\"https:\/\/agripilot.com\/product\/agripilot-amw-1000\/#breadcrumb\"},\"inLanguage\":\"pl-PL\",\"potentialAction\":[{\"@type\":\"ReadAction\",\"target\":[\"https:\/\/agripilot.com\/product\/agripilot-amw-1000\/\"]}]},{\"@type\":\"ImageObject\",\"inLanguage\":\"pl-PL\",\"@id\":\"https:\/\/agripilot.com\/product\/agripilot-amw-1000\/#primaryimage\",\"url\":\"https:\/\/i0.wp.com\/agripilot.com\/wp-content\/uploads\/2023\/03\/Agripilot-AMW-100.jpg?fit=1000%2C1000&ssl=1\",\"contentUrl\":\"https:\/\/i0.wp.com\/agripilot.com\/wp-content\/uploads\/2023\/03\/Agripilot-AMW-100.jpg?fit=1000%2C1000&ssl=1\",\"width\":1000,\"height\":1000},{\"@type\":\"BreadcrumbList\",\"@id\":\"https:\/\/agripilot.com\/product\/agripilot-amw-1000\/#breadcrumb\",\"itemListElement\":[{\"@type\":\"ListItem\",\"position\":1,\"name\":\"Agripilot\",\"item\":\"https:\/\/agripilot.com\/pl\/\"},{\"@type\":\"ListItem\",\"position\":2,\"name\":\"Sklep\",\"item\":\"https:\/\/agripilot.com\/pl\/sklep\/\"},{\"@type\":\"ListItem\",\"position\":3,\"name\":\"Agripilot AMW 100\"}]},{\"@type\":\"WebSite\",\"@id\":\"https:\/\/agripilot.com\/pl\/#website\",\"url\":\"https:\/\/agripilot.com\/pl\/\",\"name\":\"Agripilot\",\"description\":\"Nawigacja rolnicza Agripilot do ka\u017cdego traktora & automatyczne kierowanie\",\"publisher\":{\"@id\":\"https:\/\/agripilot.com\/pl\/#organization\"},\"potentialAction\":[{\"@type\":\"SearchAction\",\"target\":{\"@type\":\"EntryPoint\",\"urlTemplate\":\"https:\/\/agripilot.com\/pl\/?s={search_term_string}\"},\"query-input\":{\"@type\":\"PropertyValueSpecification\",\"valueRequired\":true,\"valueName\":\"search_term_string\"}}],\"inLanguage\":\"pl-PL\"},{\"@type\":\"Organization\",\"@id\":\"https:\/\/agripilot.com\/pl\/#organization\",\"name\":\"Agripilot\",\"url\":\"https:\/\/agripilot.com\/pl\/\",\"logo\":{\"@type\":\"ImageObject\",\"inLanguage\":\"pl-PL\",\"@id\":\"https:\/\/agripilot.com\/pl\/#\/schema\/logo\/image\/\",\"url\":\"http:\/\/beta2021.agripilot.com\/wp-content\/uploads\/2021\/01\/agripilot-logo-dark.png\",\"contentUrl\":\"http:\/\/beta2021.agripilot.com\/wp-content\/uploads\/2021\/01\/agripilot-logo-dark.png\",\"width\":488,\"height\":126,\"caption\":\"Agripilot\"},\"image\":{\"@id\":\"https:\/\/agripilot.com\/pl\/#\/schema\/logo\/image\/\"},\"sameAs\":[\"https:\/\/www.facebook.com\/agripilot\/\",\"https:\/\/www.instagram.com\/agripilot\/\"]}]}<\/script>\n<!-- \/ Yoast SEO plugin. -->","yoast_head_json":{"title":"Agripilot AMW 100 - Agripilot","robots":{"index":"index","follow":"follow","max-snippet":"max-snippet:-1","max-image-preview":"max-image-preview:large","max-video-preview":"max-video-preview:-1"},"canonical":"https:\/\/agripilot.com\/product\/agripilot-amw-1000\/","og_locale":"pl_PL","og_type":"article","og_title":"Agripilot AMW 100 - Agripilot","og_description":"Podane ceny netto  Kompletny system automatycznego kierowania Agripilot AMW 100   Wy\u015bwietlacz Agripilot 1110S (10.1 \")  Antena RTK +\/- 2 cm  Korekcja przechy\u0142\u00f3w  Wirtualna belka opryskiwacza  Opcjonalnie automatyczne sterowanie sekcjami  Mo\u017cliwo\u015b\u0107 przek\u0142adania pomi\u0119dzy ci\u0105gnikami","og_url":"https:\/\/agripilot.com\/product\/agripilot-amw-1000\/","og_site_name":"Agripilot","article_publisher":"https:\/\/www.facebook.com\/agripilot\/","article_modified_time":"2025-10-25T10:16:12+00:00","og_image":[{"width":1000,"height":1000,"url":"https:\/\/i0.wp.com\/agripilot.com\/wp-content\/uploads\/2023\/03\/Agripilot-AMW-100.jpg?fit=1000%2C1000&ssl=1","type":"image\/jpeg"}],"twitter_card":"summary_large_image","twitter_misc":{"Szacowany czas czytania":"1 minuta"},"schema":{"@context":"https:\/\/schema.org","@graph":[{"@type":"WebPage","@id":"https:\/\/agripilot.com\/product\/agripilot-amw-1000\/","url":"https:\/\/agripilot.com\/product\/agripilot-amw-1000\/","name":"Agripilot AMW 100 - Agripilot","isPartOf":{"@id":"https:\/\/agripilot.com\/pl\/#website"},"primaryImageOfPage":{"@id":"https:\/\/agripilot.com\/product\/agripilot-amw-1000\/#primaryimage"},"image":{"@id":"https:\/\/agripilot.com\/product\/agripilot-amw-1000\/#primaryimage"},"thumbnailUrl":"https:\/\/i0.wp.com\/agripilot.com\/wp-content\/uploads\/2023\/03\/Agripilot-AMW-100.jpg?fit=1000%2C1000&ssl=1","datePublished":"2023-03-03T09:08:10+00:00","dateModified":"2025-10-25T10:16:12+00:00","breadcrumb":{"@id":"https:\/\/agripilot.com\/product\/agripilot-amw-1000\/#breadcrumb"},"inLanguage":"pl-PL","potentialAction":[{"@type":"ReadAction","target":["https:\/\/agripilot.com\/product\/agripilot-amw-1000\/"]}]},{"@type":"ImageObject","inLanguage":"pl-PL","@id":"https:\/\/agripilot.com\/product\/agripilot-amw-1000\/#primaryimage","url":"https:\/\/i0.wp.com\/agripilot.com\/wp-content\/uploads\/2023\/03\/Agripilot-AMW-100.jpg?fit=1000%2C1000&ssl=1","contentUrl":"https:\/\/i0.wp.com\/agripilot.com\/wp-content\/uploads\/2023\/03\/Agripilot-AMW-100.jpg?fit=1000%2C1000&ssl=1","width":1000,"height":1000},{"@type":"BreadcrumbList","@id":"https:\/\/agripilot.com\/product\/agripilot-amw-1000\/#breadcrumb","itemListElement":[{"@type":"ListItem","position":1,"name":"Agripilot","item":"https:\/\/agripilot.com\/pl\/"},{"@type":"ListItem","position":2,"name":"Sklep","item":"https:\/\/agripilot.com\/pl\/sklep\/"},{"@type":"ListItem","position":3,"name":"Agripilot AMW 100"}]},{"@type":"WebSite","@id":"https:\/\/agripilot.com\/pl\/#website","url":"https:\/\/agripilot.com\/pl\/","name":"Agripilot","description":"Nawigacja rolnicza Agripilot do ka\u017cdego traktora & automatyczne kierowanie","publisher":{"@id":"https:\/\/agripilot.com\/pl\/#organization"},"potentialAction":[{"@type":"SearchAction","target":{"@type":"EntryPoint","urlTemplate":"https:\/\/agripilot.com\/pl\/?s={search_term_string}"},"query-input":{"@type":"PropertyValueSpecification","valueRequired":true,"valueName":"search_term_string"}}],"inLanguage":"pl-PL"},{"@type":"Organization","@id":"https:\/\/agripilot.com\/pl\/#organization","name":"Agripilot","url":"https:\/\/agripilot.com\/pl\/","logo":{"@type":"ImageObject","inLanguage":"pl-PL","@id":"https:\/\/agripilot.com\/pl\/#\/schema\/logo\/image\/","url":"http:\/\/beta2021.agripilot.com\/wp-content\/uploads\/2021\/01\/agripilot-logo-dark.png","contentUrl":"http:\/\/beta2021.agripilot.com\/wp-content\/uploads\/2021\/01\/agripilot-logo-dark.png","width":488,"height":126,"caption":"Agripilot"},"image":{"@id":"https:\/\/agripilot.com\/pl\/#\/schema\/logo\/image\/"},"sameAs":["https:\/\/www.facebook.com\/agripilot\/","https:\/\/www.instagram.com\/agripilot\/"]}]}},"jetpack_sharing_enabled":true,"_links":{"self":[{"href":"https:\/\/agripilot.com\/pl\/wp-json\/wp\/v2\/product\/3856","targetHints":{"allow":["GET"]}}],"collection":[{"href":"https:\/\/agripilot.com\/pl\/wp-json\/wp\/v2\/product"}],"about":[{"href":"https:\/\/agripilot.com\/pl\/wp-json\/wp\/v2\/types\/product"}],"wp:featuredmedia":[{"embeddable":true,"href":"https:\/\/agripilot.com\/pl\/wp-json\/wp\/v2\/media\/3857"}],"wp:attachment":[{"href":"https:\/\/agripilot.com\/pl\/wp-json\/wp\/v2\/media?parent=3856"}],"wp:term":[{"taxonomy":"product_brand","embeddable":true,"href":"https:\/\/agripilot.com\/pl\/wp-json\/wp\/v2\/product_brand?post=3856"},{"taxonomy":"product_cat","embeddable":true,"href":"https:\/\/agripilot.com\/pl\/wp-json\/wp\/v2\/product_cat?post=3856"},{"taxonomy":"product_tag","embeddable":true,"href":"https:\/\/agripilot.com\/pl\/wp-json\/wp\/v2\/product_tag?post=3856"}],"curies":[{"name":"wp","href":"https:\/\/api.w.org\/{rel}","templated":true}]}}