{"id":4012,"date":"2025-07-20T09:12:22","date_gmt":"2025-07-20T08:12:22","guid":{"rendered":"https:\/\/agripilot.com\/?page_id=4012"},"modified":"2025-07-20T09:12:22","modified_gmt":"2025-07-20T08:12:22","slug":"zwroty-i-reklamacje","status":"publish","type":"page","link":"https:\/\/agripilot.com\/pl\/zwroty-i-reklamacje\/","title":{"rendered":"Zwroty i reklamacje"},"content":{"rendered":"<p>[vc_row][vc_column][vc_row_inner][vc_column_inner][\/vc_column_inner][\/vc_row_inner][vc_column_text]<\/p>\n<h1>Zwroty i reklamacje<\/h1>\n<p>[\/vc_column_text][\/vc_column][\/vc_row][vc_row][vc_column][vc_column_text]<\/p>\n<h2 data-start=\"3662\" data-end=\"3687\">ZWROTY I REKLAMACJE<\/h2>\n<p data-start=\"3689\" data-end=\"3748\"><strong data-start=\"3689\" data-end=\"3746\">Prawo do odst\u0105pienia od umowy \u2013 tylko dla konsument\u00f3w<\/strong><\/p>\n<ol data-start=\"3749\" data-end=\"4036\">\n<li data-start=\"3749\" data-end=\"3853\">\n<p data-start=\"3752\" data-end=\"3853\">Konsument ma prawo odst\u0105pi\u0107 od umowy w ci\u0105gu 14 dni od daty odebrania towaru bez podania przyczyny.<\/p>\n<\/li>\n<li data-start=\"3854\" data-end=\"3956\">\n<p data-start=\"3857\" data-end=\"3956\">Prawo nie przys\u0142uguje klientom dokonuj\u0105cym zakupu jako przedsi\u0119biorcy (np. na faktur\u0119 VAT z NIP).<\/p>\n<\/li>\n<li data-start=\"3957\" data-end=\"4036\">\n<p data-start=\"3960\" data-end=\"4036\">Towar nie mo\u017ce by\u0107 u\u017cywany i powinien by\u0107 odes\u0142any w oryginalnym opakowaniu.<\/p>\n<\/li>\n<\/ol>\n<p data-start=\"4038\" data-end=\"4061\"><strong data-start=\"4038\" data-end=\"4059\">Procedura zwrotu:<\/strong><\/p>\n<ol data-start=\"4062\" data-end=\"4257\">\n<li data-start=\"4062\" data-end=\"4100\">\n<p data-start=\"4065\" data-end=\"4100\">Napisz na: <strong data-start=\"4076\" data-end=\"4098\"><a class=\"cursor-pointer\" rel=\"noopener\" data-start=\"4078\" data-end=\"4096\">info@agripilot.com<\/a><\/strong><\/p>\n<\/li>\n<li data-start=\"4101\" data-end=\"4195\">\n<p data-start=\"4104\" data-end=\"4195\">Ode\u015blij towar na adres:<br data-start=\"4127\" data-end=\"4130\" \/><strong data-start=\"4130\" data-end=\"4153\">Agrospot Sp. z o.o.<\/strong><br data-start=\"4153\" data-end=\"4156\" \/>ul. Milcza\u0144ska 18c\/15<br data-start=\"4177\" data-end=\"4180\" \/>61-131 Pozna\u0144<\/p>\n<\/li>\n<li data-start=\"4196\" data-end=\"4257\">\n<p data-start=\"4199\" data-end=\"4257\">Zwrot \u015brodk\u00f3w nast\u0105pi w ci\u0105gu 14 dni od otrzymania paczki.<\/p>\n<\/li>\n<\/ol>\n<p data-start=\"4259\" data-end=\"4429\"><strong data-start=\"4259\" data-end=\"4274\">Reklamacje:<\/strong><br data-start=\"4274\" data-end=\"4277\" \/>Je\u015bli otrzymany produkt jest wadliwy lub uszkodzony, prosimy o kontakt na <strong data-start=\"4351\" data-end=\"4373\"><a class=\"cursor-pointer\" rel=\"noopener\" data-start=\"4353\" data-end=\"4371\">info@agripilot.com<\/a><\/strong>. Reklamacje rozpatrywane s\u0105 maksymalnie w ci\u0105gu 14 dni.<\/p>\n<p>[\/vc_column_text][\/vc_column][\/vc_row]<\/p>\n","protected":false},"excerpt":{"rendered":"<p>[vc_row][vc_column][vc_row_inner][vc_column_inner][\/vc_column_inner][\/vc_row_inner][vc_column_text] Zwroty i reklamacje [\/vc_column_text][\/vc_column][\/vc_row][vc_row][vc_column][vc_column_text] ZWROTY I REKLAMACJE Prawo do odst\u0105pienia od umowy \u2013 tylko dla konsument\u00f3w Konsument ma prawo odst\u0105pi\u0107 od&#8230;<\/p>\n","protected":false},"author":1,"featured_media":0,"parent":0,"menu_order":0,"comment_status":"closed","ping_status":"closed","template":"","meta":{"footnotes":""},"class_list":["post-4012","page","type-page","status-publish","hentry"],"yoast_head":"<!-- This site is optimized with the Yoast SEO plugin v24.4 - https:\/\/yoast.com\/wordpress\/plugins\/seo\/ -->\n<title>Zwroty i reklamacje - Agripilot<\/title>\n<meta name=\"robots\" content=\"index, follow, max-snippet:-1, max-image-preview:large, max-video-preview:-1\" \/>\n<link rel=\"canonical\" href=\"https:\/\/agripilot.com\/pl\/zwroty-i-reklamacje\/\" \/>\n<meta property=\"og:locale\" content=\"pl_PL\" \/>\n<meta property=\"og:type\" content=\"article\" \/>\n<meta property=\"og:title\" content=\"Zwroty i reklamacje - Agripilot\" \/>\n<meta property=\"og:description\" content=\"[vc_row][vc_column][vc_row_inner][vc_column_inner][\/vc_column_inner][\/vc_row_inner][vc_column_text] Zwroty i reklamacje [\/vc_column_text][\/vc_column][\/vc_row][vc_row][vc_column][vc_column_text] ZWROTY I REKLAMACJE Prawo do odst\u0105pienia od umowy \u2013 tylko dla konsument\u00f3w Konsument ma prawo odst\u0105pi\u0107 od...\" \/>\n<meta property=\"og:url\" content=\"https:\/\/agripilot.com\/pl\/zwroty-i-reklamacje\/\" \/>\n<meta property=\"og:site_name\" content=\"Agripilot\" \/>\n<meta property=\"article:publisher\" content=\"https:\/\/www.facebook.com\/agripilot\/\" \/>\n<meta property=\"og:image\" content=\"https:\/\/i0.wp.com\/agripilot.com\/wp-content\/uploads\/2021\/01\/cropped-site-identity-512x512-1.png?fit=512%2C512&ssl=1\" \/>\n\t<meta property=\"og:image:width\" content=\"512\" \/>\n\t<meta property=\"og:image:height\" content=\"512\" \/>\n\t<meta property=\"og:image:type\" content=\"image\/png\" \/>\n<meta name=\"twitter:card\" content=\"summary_large_image\" \/>\n<meta name=\"twitter:label1\" content=\"Szacowany czas czytania\" \/>\n\t<meta name=\"twitter:data1\" content=\"1 minuta\" \/>\n<script type=\"application\/ld+json\" class=\"yoast-schema-graph\">{\"@context\":\"https:\/\/schema.org\",\"@graph\":[{\"@type\":\"WebPage\",\"@id\":\"https:\/\/agripilot.com\/pl\/zwroty-i-reklamacje\/\",\"url\":\"https:\/\/agripilot.com\/pl\/zwroty-i-reklamacje\/\",\"name\":\"Zwroty i reklamacje - Agripilot\",\"isPartOf\":{\"@id\":\"https:\/\/agripilot.com\/pl\/#website\"},\"datePublished\":\"2025-07-20T08:12:22+00:00\",\"breadcrumb\":{\"@id\":\"https:\/\/agripilot.com\/pl\/zwroty-i-reklamacje\/#breadcrumb\"},\"inLanguage\":\"pl-PL\",\"potentialAction\":[{\"@type\":\"ReadAction\",\"target\":[\"https:\/\/agripilot.com\/pl\/zwroty-i-reklamacje\/\"]}]},{\"@type\":\"BreadcrumbList\",\"@id\":\"https:\/\/agripilot.com\/pl\/zwroty-i-reklamacje\/#breadcrumb\",\"itemListElement\":[{\"@type\":\"ListItem\",\"position\":1,\"name\":\"Agripilot\",\"item\":\"https:\/\/agripilot.com\/pl\/\"},{\"@type\":\"ListItem\",\"position\":2,\"name\":\"Zwroty i reklamacje\"}]},{\"@type\":\"WebSite\",\"@id\":\"https:\/\/agripilot.com\/pl\/#website\",\"url\":\"https:\/\/agripilot.com\/pl\/\",\"name\":\"Agripilot\",\"description\":\"Nawigacja rolnicza Agripilot do ka\u017cdego traktora & automatyczne kierowanie\",\"publisher\":{\"@id\":\"https:\/\/agripilot.com\/pl\/#organization\"},\"potentialAction\":[{\"@type\":\"SearchAction\",\"target\":{\"@type\":\"EntryPoint\",\"urlTemplate\":\"https:\/\/agripilot.com\/pl\/?s={search_term_string}\"},\"query-input\":{\"@type\":\"PropertyValueSpecification\",\"valueRequired\":true,\"valueName\":\"search_term_string\"}}],\"inLanguage\":\"pl-PL\"},{\"@type\":\"Organization\",\"@id\":\"https:\/\/agripilot.com\/pl\/#organization\",\"name\":\"Agripilot\",\"url\":\"https:\/\/agripilot.com\/pl\/\",\"logo\":{\"@type\":\"ImageObject\",\"inLanguage\":\"pl-PL\",\"@id\":\"https:\/\/agripilot.com\/pl\/#\/schema\/logo\/image\/\",\"url\":\"http:\/\/beta2021.agripilot.com\/wp-content\/uploads\/2021\/01\/agripilot-logo-dark.png\",\"contentUrl\":\"http:\/\/beta2021.agripilot.com\/wp-content\/uploads\/2021\/01\/agripilot-logo-dark.png\",\"width\":488,\"height\":126,\"caption\":\"Agripilot\"},\"image\":{\"@id\":\"https:\/\/agripilot.com\/pl\/#\/schema\/logo\/image\/\"},\"sameAs\":[\"https:\/\/www.facebook.com\/agripilot\/\",\"https:\/\/www.instagram.com\/agripilot\/\"]}]}<\/script>\n<!-- \/ Yoast SEO plugin. -->","yoast_head_json":{"title":"Zwroty i reklamacje - Agripilot","robots":{"index":"index","follow":"follow","max-snippet":"max-snippet:-1","max-image-preview":"max-image-preview:large","max-video-preview":"max-video-preview:-1"},"canonical":"https:\/\/agripilot.com\/pl\/zwroty-i-reklamacje\/","og_locale":"pl_PL","og_type":"article","og_title":"Zwroty i reklamacje - Agripilot","og_description":"[vc_row][vc_column][vc_row_inner][vc_column_inner][\/vc_column_inner][\/vc_row_inner][vc_column_text] Zwroty i reklamacje [\/vc_column_text][\/vc_column][\/vc_row][vc_row][vc_column][vc_column_text] ZWROTY I REKLAMACJE Prawo do odst\u0105pienia od umowy \u2013 tylko dla konsument\u00f3w Konsument ma prawo odst\u0105pi\u0107 od...","og_url":"https:\/\/agripilot.com\/pl\/zwroty-i-reklamacje\/","og_site_name":"Agripilot","article_publisher":"https:\/\/www.facebook.com\/agripilot\/","og_image":[{"width":512,"height":512,"url":"https:\/\/i0.wp.com\/agripilot.com\/wp-content\/uploads\/2021\/01\/cropped-site-identity-512x512-1.png?fit=512%2C512&ssl=1","type":"image\/png"}],"twitter_card":"summary_large_image","twitter_misc":{"Szacowany czas czytania":"1 minuta"},"schema":{"@context":"https:\/\/schema.org","@graph":[{"@type":"WebPage","@id":"https:\/\/agripilot.com\/pl\/zwroty-i-reklamacje\/","url":"https:\/\/agripilot.com\/pl\/zwroty-i-reklamacje\/","name":"Zwroty i reklamacje - Agripilot","isPartOf":{"@id":"https:\/\/agripilot.com\/pl\/#website"},"datePublished":"2025-07-20T08:12:22+00:00","breadcrumb":{"@id":"https:\/\/agripilot.com\/pl\/zwroty-i-reklamacje\/#breadcrumb"},"inLanguage":"pl-PL","potentialAction":[{"@type":"ReadAction","target":["https:\/\/agripilot.com\/pl\/zwroty-i-reklamacje\/"]}]},{"@type":"BreadcrumbList","@id":"https:\/\/agripilot.com\/pl\/zwroty-i-reklamacje\/#breadcrumb","itemListElement":[{"@type":"ListItem","position":1,"name":"Agripilot","item":"https:\/\/agripilot.com\/pl\/"},{"@type":"ListItem","position":2,"name":"Zwroty i reklamacje"}]},{"@type":"WebSite","@id":"https:\/\/agripilot.com\/pl\/#website","url":"https:\/\/agripilot.com\/pl\/","name":"Agripilot","description":"Nawigacja rolnicza Agripilot do ka\u017cdego traktora & automatyczne kierowanie","publisher":{"@id":"https:\/\/agripilot.com\/pl\/#organization"},"potentialAction":[{"@type":"SearchAction","target":{"@type":"EntryPoint","urlTemplate":"https:\/\/agripilot.com\/pl\/?s={search_term_string}"},"query-input":{"@type":"PropertyValueSpecification","valueRequired":true,"valueName":"search_term_string"}}],"inLanguage":"pl-PL"},{"@type":"Organization","@id":"https:\/\/agripilot.com\/pl\/#organization","name":"Agripilot","url":"https:\/\/agripilot.com\/pl\/","logo":{"@type":"ImageObject","inLanguage":"pl-PL","@id":"https:\/\/agripilot.com\/pl\/#\/schema\/logo\/image\/","url":"http:\/\/beta2021.agripilot.com\/wp-content\/uploads\/2021\/01\/agripilot-logo-dark.png","contentUrl":"http:\/\/beta2021.agripilot.com\/wp-content\/uploads\/2021\/01\/agripilot-logo-dark.png","width":488,"height":126,"caption":"Agripilot"},"image":{"@id":"https:\/\/agripilot.com\/pl\/#\/schema\/logo\/image\/"},"sameAs":["https:\/\/www.facebook.com\/agripilot\/","https:\/\/www.instagram.com\/agripilot\/"]}]}},"jetpack_sharing_enabled":true,"_links":{"self":[{"href":"https:\/\/agripilot.com\/pl\/wp-json\/wp\/v2\/pages\/4012","targetHints":{"allow":["GET"]}}],"collection":[{"href":"https:\/\/agripilot.com\/pl\/wp-json\/wp\/v2\/pages"}],"about":[{"href":"https:\/\/agripilot.com\/pl\/wp-json\/wp\/v2\/types\/page"}],"author":[{"embeddable":true,"href":"https:\/\/agripilot.com\/pl\/wp-json\/wp\/v2\/users\/1"}],"replies":[{"embeddable":true,"href":"https:\/\/agripilot.com\/pl\/wp-json\/wp\/v2\/comments?post=4012"}],"version-history":[{"count":1,"href":"https:\/\/agripilot.com\/pl\/wp-json\/wp\/v2\/pages\/4012\/revisions"}],"predecessor-version":[{"id":4013,"href":"https:\/\/agripilot.com\/pl\/wp-json\/wp\/v2\/pages\/4012\/revisions\/4013"}],"wp:attachment":[{"href":"https:\/\/agripilot.com\/pl\/wp-json\/wp\/v2\/media?parent=4012"}],"curies":[{"name":"wp","href":"https:\/\/api.w.org\/{rel}","templated":true}]}}