{"id":3063,"date":"2022-01-09T16:56:34","date_gmt":"2022-01-09T15:56:34","guid":{"rendered":"http:\/\/beta2021.agripilot.com\/produkty\/"},"modified":"2026-01-23T12:00:08","modified_gmt":"2026-01-23T11:00:08","slug":"produkty","status":"publish","type":"page","link":"https:\/\/agripilot.com\/pl\/produkty\/","title":{"rendered":"Produkty"},"content":{"rendered":"<p>[vc_section][vc_row][vc_column][vc_column_text]<\/p>\n<h1 style=\"text-align: center;\">Wy\u015bwietlacze do prowadzenia r\u00f3wnoleg\u0142ego oraz automatycznego kierowania<\/h1>\n<p class=\"lead\" style=\"text-align: center;\">R\u00f3\u017cnorodno\u015b\u0107 rozmiar\u00f3w i parametr\u00f3w technicznych<\/p>\n<p>[\/vc_column_text][\/vc_column][\/vc_row][\/vc_section][vc_section][vc_row][vc_column width=&#8221;1\/2&#8243;]\n\t\t\t<div class=\" pricing pricing-1 boxed boxed--border boxed--lg text-center\">\n\t\t\t\t<h4>Agripilot 1110S<\/h4>\n\t\t\t\t\t<span class=\"h1\"><span class=\"pricing__dollar\"><\/span>6 499 z\u0142<\/span>\n\t\t\t\t\t<\/p>\n<h3 style=\"text-align: center;\">netto<\/h3>\n<p><img data-recalc-dims=\"1\" loading=\"lazy\" decoding=\"async\" class=\"wp-image-3732 size-medium aligncenter\" src=\"https:\/\/i0.wp.com\/agripilot.com\/wp-content\/uploads\/2023\/02\/Agripilot-1110S-1000x1000-2-300x300.jpg?resize=300%2C300\" alt=\"\" width=\"300\" height=\"300\" srcset=\"https:\/\/i0.wp.com\/agripilot.com\/wp-content\/uploads\/2023\/02\/Agripilot-1110S-1000x1000-2.jpg?resize=300%2C300&amp;ssl=1 300w, https:\/\/i0.wp.com\/agripilot.com\/wp-content\/uploads\/2023\/02\/Agripilot-1110S-1000x1000-2.jpg?resize=150%2C150&amp;ssl=1 150w, https:\/\/i0.wp.com\/agripilot.com\/wp-content\/uploads\/2023\/02\/Agripilot-1110S-1000x1000-2.jpg?resize=768%2C768&amp;ssl=1 768w, https:\/\/i0.wp.com\/agripilot.com\/wp-content\/uploads\/2023\/02\/Agripilot-1110S-1000x1000-2.jpg?resize=60%2C60&amp;ssl=1 60w, https:\/\/i0.wp.com\/agripilot.com\/wp-content\/uploads\/2023\/02\/Agripilot-1110S-1000x1000-2.jpg?resize=600%2C600&amp;ssl=1 600w, https:\/\/i0.wp.com\/agripilot.com\/wp-content\/uploads\/2023\/02\/Agripilot-1110S-1000x1000-2.jpg?resize=100%2C100&amp;ssl=1 100w, https:\/\/i0.wp.com\/agripilot.com\/wp-content\/uploads\/2023\/02\/Agripilot-1110S-1000x1000-2.jpg?w=1000&amp;ssl=1 1000w\" sizes=\"auto, (max-width: 300px) 100vw, 300px\" \/><\/p>\n<p style=\"text-align: center;\">Wy\u015bwietlacz o przek\u0105tnej 10,1&#8243;. Posiada mo\u017cliwo\u015b\u0107 odblokowania obs\u0142ugi systemu mobilnego RTK o dok\u0142adno\u015bci absolutnej +\/- 2 cm.<\/p>\n<p>\n\n\t\t\t\t\t<span class=\"label\">+\/- 10-25cm<\/span>\n\t\t\t\t\t<a class=\"btn btn--primary-1\" href=\"https:\/\/agripilot.com\/pl\/sklep\/agripilot-1110s-skyview-2500\/\">Wi\u0119cej informacji<\/a>\n\t\t\t\t<\/div><!--end pricing-->\t\n\t\t[\/vc_column][vc_column width=&#8221;1\/2&#8243;]\n\t\t\t<div class=\" pricing pricing-1 boxed boxed--border boxed--lg text-center\">\n\t\t\t\t<h4>Agripilot 1110S RTK<\/h4>\n\t\t\t\t\t<span class=\"h1\"><span class=\"pricing__dollar\"><\/span>8 129 z\u0142<\/span>\n\t\t\t\t\t<\/p>\n<h3 style=\"text-align: center;\">netto<\/h3>\n<p><img data-recalc-dims=\"1\" loading=\"lazy\" decoding=\"async\" class=\"wp-image-3732 size-medium aligncenter\" src=\"https:\/\/i0.wp.com\/agripilot.com\/wp-content\/uploads\/2023\/02\/Agripilot-1110S-1000x1000-2-300x300.jpg?resize=300%2C300\" alt=\"\" width=\"300\" height=\"300\" srcset=\"https:\/\/i0.wp.com\/agripilot.com\/wp-content\/uploads\/2023\/02\/Agripilot-1110S-1000x1000-2.jpg?resize=300%2C300&amp;ssl=1 300w, https:\/\/i0.wp.com\/agripilot.com\/wp-content\/uploads\/2023\/02\/Agripilot-1110S-1000x1000-2.jpg?resize=150%2C150&amp;ssl=1 150w, https:\/\/i0.wp.com\/agripilot.com\/wp-content\/uploads\/2023\/02\/Agripilot-1110S-1000x1000-2.jpg?resize=768%2C768&amp;ssl=1 768w, https:\/\/i0.wp.com\/agripilot.com\/wp-content\/uploads\/2023\/02\/Agripilot-1110S-1000x1000-2.jpg?resize=60%2C60&amp;ssl=1 60w, https:\/\/i0.wp.com\/agripilot.com\/wp-content\/uploads\/2023\/02\/Agripilot-1110S-1000x1000-2.jpg?resize=600%2C600&amp;ssl=1 600w, https:\/\/i0.wp.com\/agripilot.com\/wp-content\/uploads\/2023\/02\/Agripilot-1110S-1000x1000-2.jpg?resize=100%2C100&amp;ssl=1 100w, https:\/\/i0.wp.com\/agripilot.com\/wp-content\/uploads\/2023\/02\/Agripilot-1110S-1000x1000-2.jpg?w=1000&amp;ssl=1 1000w\" sizes=\"auto, (max-width: 300px) 100vw, 300px\" \/><\/p>\n<p style=\"text-align: center;\">Najbardziej zaawansowany i rozbudowany wy\u015bwietlacz o przek\u0105tnej 10,1&#8243;. Z odblokowanym systemem mobilnego RTK o dok\u0142adno\u015bci absolutnej +\/- 2 cm.<\/p>\n<p>\n\n\t\t\t\t\t<span class=\"label\">RTK +\/- 2cm<\/span>\n\t\t\t\t\t<a class=\"btn btn--primary-1\" href=\"https:\/\/agripilot.com\/pl\/sklep\/agripilot-1110s-rtk-skyview-2500\/\">Wi\u0119cej informacji<\/a>\n\t\t\t\t<\/div><!--end pricing-->\t\n\t\t[\/vc_column][\/vc_row][\/vc_section][vc_section disable_element=&#8221;yes&#8221; el_class=&#8221;bg&#8211;secondary&#8221;][vc_row][vc_column width=&#8221;5\/12&#8243;][vc_empty_space][vc_column_text]<\/p>\n<h2>Aplikacja na Twoje urz\u0105dzenie z systemem Android<\/h2>\n<p class=\"lead\"><span>Agripilot Lite zosta\u0142 stworzony aby dzia\u0142a\u0107 na wi\u0119kszo\u015bci urz\u0105dze\u0144 z systemem Android.<\/span><\/p>\n<p><span>Niezale\u017cnie od tego jakie urz\u0105dzenie posiadamy, czy jest to smartfon czy tablet mo\u017cemy je wykorzysta\u0107 jako wy\u015bwietlacz do nawigacji Agripilot Lite. Takie rozwi\u0105zanie znacz\u0105co ogranicza nam koszty rozpocz\u0119cia pracy jak i nie powoduje wi\u0119kszych problem\u00f3w przy ewentualnym uszkodzeniu ekranu \u2013 \u0142atwe przeniesienie na inne urz\u0105dzenie.<\/span><\/p>\n<p><img data-recalc-dims=\"1\" loading=\"lazy\" decoding=\"async\" class=\"aligncenter wp-image-2788\" src=\"https:\/\/i0.wp.com\/beta2021.agripilot.com\/wp-content\/uploads\/2021\/02\/agropilot-lite-app-700-300x187.png?resize=420%2C262\" alt=\"\" width=\"420\" height=\"262\" srcset=\"https:\/\/i0.wp.com\/agripilot.com\/wp-content\/uploads\/2021\/02\/agropilot-lite-app-700.png?resize=300%2C187&amp;ssl=1 300w, https:\/\/i0.wp.com\/agripilot.com\/wp-content\/uploads\/2021\/02\/agropilot-lite-app-700.png?resize=600%2C374&amp;ssl=1 600w, https:\/\/i0.wp.com\/agripilot.com\/wp-content\/uploads\/2021\/02\/agropilot-lite-app-700.png?w=700&amp;ssl=1 700w\" sizes=\"auto, (max-width: 420px) 100vw, 420px\" \/>[\/vc_column_text][\/vc_column][vc_column width=&#8221;2\/12&#8243;][\/vc_column][vc_column width=&#8221;5\/12&#8243;]\n\t\t\t<div class=\" pricing pricing-1 boxed boxed--border boxed--lg text-center\">\n\t\t\t\t<h4>Agripilot LITE<\/h4>\n\t\t\t\t\t<span class=\"h1\"><span class=\"pricing__dollar\"><\/span>3100 z\u0142<\/span>\n\t\t\t\t\t<p><img data-recalc-dims=\"1\" loading=\"lazy\" decoding=\"async\" class=\"wp-image-2756 size-medium aligncenter\" src=\"https:\/\/i0.wp.com\/beta2021.agripilot.com\/wp-content\/uploads\/2021\/01\/image-300x300.png?resize=300%2C300\" alt=\"\" width=\"300\" height=\"300\" srcset=\"https:\/\/i0.wp.com\/agripilot.com\/wp-content\/uploads\/2021\/01\/image.png?resize=300%2C300&amp;ssl=1 300w, https:\/\/i0.wp.com\/agripilot.com\/wp-content\/uploads\/2021\/01\/image.png?resize=150%2C150&amp;ssl=1 150w, https:\/\/i0.wp.com\/agripilot.com\/wp-content\/uploads\/2021\/01\/image.png?resize=60%2C60&amp;ssl=1 60w, https:\/\/i0.wp.com\/agripilot.com\/wp-content\/uploads\/2021\/01\/image.png?resize=100%2C100&amp;ssl=1 100w, https:\/\/i0.wp.com\/agripilot.com\/wp-content\/uploads\/2021\/01\/image.png?w=500&amp;ssl=1 500w\" sizes=\"auto, (max-width: 300px) 100vw, 300px\" \/><\/p>\n<p><span>Smart antenna z \u0142\u0105czno\u015bci\u0105 Bluetooth oraz aplikacja Agripilot Lite. Do rozpocz\u0119cia pracy potrzeny b\u0119dzie jeszcze tablet lub smartfon z systemem Android 6.0+<\/span><\/p>\n\n\t\t\t\t\t\n\t\t\t\t\t<a class=\"btn btn--primary-1\" href=\"https:\/\/agripilot.com\/pl\/produkty\/agripilot-lite\/\">Wi\u0119cej informacji<\/a>\n\t\t\t\t<\/div><!--end pricing-->\t\n\t\t[\/vc_column][\/vc_row][\/vc_section][vc_section][vc_row][vc_column][vc_column_text]<\/p>\n<h1 style=\"text-align: center;\">Smart anteny oraz anteny do wbudowanych w wy\u015bwietlacze odbiornik\u00f3w<\/h1>\n<p class=\"lead\" style=\"text-align: center;\">Pe\u0142en zakres anten oraz odbiornik\u00f3w GNSS pozwalaj\u0105cych spe\u0142ni\u0107 oczekiwania nawet najbardziej wymagaj\u0105cych u\u017cytkownik\u00f3w<\/p>\n<p>[\/vc_column_text][\/vc_column][\/vc_row][\/vc_section][vc_section][vc_row][vc_column width=&#8221;1\/2&#8243;]\n\t\t\t<div class=\" pricing pricing-1 boxed boxed--border boxed--lg text-center\">\n\t\t\t\t<h4>Skyview 2500<\/h4>\n\t\t\t\t\t<span class=\"h1\"><span class=\"pricing__dollar\"><\/span><\/span>\n\t\t\t\t\t<p><img data-recalc-dims=\"1\" loading=\"lazy\" decoding=\"async\" class=\"wp-image-3727 size-medium aligncenter\" src=\"https:\/\/i0.wp.com\/agripilot.com\/wp-content\/uploads\/2021\/01\/Skyview-2500-1000x1000-1-300x300.jpg?resize=300%2C300\" alt=\"\" width=\"300\" height=\"300\" srcset=\"https:\/\/i0.wp.com\/agripilot.com\/wp-content\/uploads\/2021\/01\/Skyview-2500-1000x1000-1.jpg?resize=300%2C300&amp;ssl=1 300w, https:\/\/i0.wp.com\/agripilot.com\/wp-content\/uploads\/2021\/01\/Skyview-2500-1000x1000-1.jpg?resize=150%2C150&amp;ssl=1 150w, https:\/\/i0.wp.com\/agripilot.com\/wp-content\/uploads\/2021\/01\/Skyview-2500-1000x1000-1.jpg?resize=768%2C768&amp;ssl=1 768w, https:\/\/i0.wp.com\/agripilot.com\/wp-content\/uploads\/2021\/01\/Skyview-2500-1000x1000-1.jpg?resize=60%2C60&amp;ssl=1 60w, https:\/\/i0.wp.com\/agripilot.com\/wp-content\/uploads\/2021\/01\/Skyview-2500-1000x1000-1.jpg?resize=600%2C600&amp;ssl=1 600w, https:\/\/i0.wp.com\/agripilot.com\/wp-content\/uploads\/2021\/01\/Skyview-2500-1000x1000-1.jpg?resize=100%2C100&amp;ssl=1 100w, https:\/\/i0.wp.com\/agripilot.com\/wp-content\/uploads\/2021\/01\/Skyview-2500-1000x1000-1.jpg?w=1000&amp;ssl=1 1000w\" sizes=\"auto, (max-width: 300px) 100vw, 300px\" \/><\/p>\n<p style=\"text-align: center;\">Antena przystosowany do dzia\u0142ania z wbudowanymi w wy\u015bwietlacze odbiornikami. Przygotowana r\u00f3wnie\u017c do dok\u0142adno\u015bci RTK w po\u0142\u0105czeniu z wy\u015bwietlaczami z takim odbiornikiem. Wyst\u0119puje w zestawach z wy\u015bwietlaczami Agripilot 710S, Agripilot 1110S, Agripilot 1110S RTK.<\/p>\n<p>\n\n\t\t\t\t\t\n\t\t\t\t\t<a class=\"btn btn--primary-1\" href=\"#\">Wi\u0119cej informacji<\/a>\n\t\t\t\t<\/div><!--end pricing-->\t\n\t\t[\/vc_column][vc_column width=&#8221;1\/2&#8243;]\n\t\t\t<div class=\" pricing pricing-1 boxed boxed--border boxed--lg text-center\">\n\t\t\t\t<h4>Skyview 2500 Dual<\/h4>\n\t\t\t\t\t<span class=\"h1\"><span class=\"pricing__dollar\"><\/span><\/span>\n\t\t\t\t\t<p><img data-recalc-dims=\"1\" loading=\"lazy\" decoding=\"async\" class=\"wp-image-3729 size-medium aligncenter\" src=\"https:\/\/i0.wp.com\/agripilot.com\/wp-content\/uploads\/2023\/02\/Skyview-2500-dual-1000x1000-1-300x300.jpg?resize=300%2C300\" alt=\"\" width=\"300\" height=\"300\" srcset=\"https:\/\/i0.wp.com\/agripilot.com\/wp-content\/uploads\/2023\/02\/Skyview-2500-dual-1000x1000-1.jpg?resize=300%2C300&amp;ssl=1 300w, https:\/\/i0.wp.com\/agripilot.com\/wp-content\/uploads\/2023\/02\/Skyview-2500-dual-1000x1000-1.jpg?resize=150%2C150&amp;ssl=1 150w, https:\/\/i0.wp.com\/agripilot.com\/wp-content\/uploads\/2023\/02\/Skyview-2500-dual-1000x1000-1.jpg?resize=768%2C768&amp;ssl=1 768w, https:\/\/i0.wp.com\/agripilot.com\/wp-content\/uploads\/2023\/02\/Skyview-2500-dual-1000x1000-1.jpg?resize=60%2C60&amp;ssl=1 60w, https:\/\/i0.wp.com\/agripilot.com\/wp-content\/uploads\/2023\/02\/Skyview-2500-dual-1000x1000-1.jpg?resize=600%2C600&amp;ssl=1 600w, https:\/\/i0.wp.com\/agripilot.com\/wp-content\/uploads\/2023\/02\/Skyview-2500-dual-1000x1000-1.jpg?resize=100%2C100&amp;ssl=1 100w, https:\/\/i0.wp.com\/agripilot.com\/wp-content\/uploads\/2023\/02\/Skyview-2500-dual-1000x1000-1.jpg?w=1000&amp;ssl=1 1000w\" sizes=\"auto, (max-width: 300px) 100vw, 300px\" \/><\/p>\n<p style=\"text-align: center;\">System dw\u00f3ch anten z obs\u0142ug\u0105 dok\u0142adno\u015bci RTK, umo\u017cliwiaj\u0105cy podawanie pozycji do systemu automatycznego kierowania przy ekstremalnie niskich pr\u0119dko\u015bciach poruszania si\u0119. Wyst\u0119puje w zestawie z wy\u015bwietlaczem Agripilot 1110S DUAL RTK<\/p>\n<p>\n\n\t\t\t\t\t\n\t\t\t\t\t<a class=\"btn btn--primary-1\" href=\"#\">Wi\u0119cej informacji<\/a>\n\t\t\t\t<\/div><!--end pricing-->\t\n\t\t[\/vc_column][\/vc_row][\/vc_section][vc_section disable_element=&#8221;yes&#8221;][vc_row][vc_column][vc_column_text]<\/p>\n<h2 style=\"text-align: center;\">What do customers think of Stack?<\/h2>\n<p>[\/vc_column_text][vc_empty_space height=&#8221;80px&#8221;]<div class=\"row\">\n\t\n\n\t<h3>This testimonial feed contains no content.<\/h3>\n\t<p>Please add some testimonial posts to load them here.<\/p>\n\t<a href=\"https:\/\/agripilot.com\/wp-admin\/edit.php?post_type=testimonial\" class=\"btn btn--primary\"><span class=\"btn__text\">Add Testimonial Posts Now &rarr;<\/span><\/a>\n\n<\/div><!--end of row-->[\/vc_column][\/vc_row][\/vc_section][vc_section disable_element=&#8221;yes&#8221; el_class=&#8221;bg&#8211;secondary&#8221;][vc_row][vc_column width=&#8221;1\/3&#8243;][vc_column_text]<\/p>\n<h4>Frequently Asked Questions<\/h4>\n<p>[\/vc_column_text][\/vc_column][vc_column width=&#8221;1\/3&#8243;][vc_column_text]<\/p>\n<h5 class=\"mb0\">How do refunds work?<\/h5>\n<p>Open a\u00a0<a href=\"#\">refund request<\/a>\u00a0with us and we can work with you to resolve it ASAP.[\/vc_column_text][vc_empty_space][vc_column_text]<\/p>\n<h5 class=\"mb0\">Can I pay using AMEX?<\/h5>\n<p>Yes, we accept all major credit cards, including AMEX, so rack up those points![\/vc_column_text][vc_empty_space][vc_column_text]<\/p>\n<h5 class=\"mb0\">Is there a bulk-buy discount?<\/h5>\n<p>We have corporate and enterprise arrangements that our pricing team can assist with on a case-by-case basis.\u00a0<a href=\"#\">Contact Us<\/a>\u00a0for info.[\/vc_column_text][\/vc_column][vc_column width=&#8221;1\/3&#8243;][vc_column_text]<\/p>\n<h5 class=\"mb0\">Is there a minimum contract term?<\/h5>\n<p>No! The beauty of our service is that you can cancel anytime you need to \u2014 no questions asked.[\/vc_column_text][vc_empty_space][vc_column_text]<\/p>\n<h5 class=\"mb0\">Do I need an SSL certificate?<\/h5>\n<p>This depends on whether your plan to process the payment on your site or not. We recommend using a third-party provider to unburden yourself.[\/vc_column_text][\/vc_column][\/vc_row][\/vc_section][vc_section disable_element=&#8221;yes&#8221;][vc_row][vc_column width=&#8221;1\/4&#8243;][\/vc_column][vc_column width=&#8221;1\/2&#8243;][vc_column_text]<\/p>\n<h2 style=\"text-align: center;\">Purchase Stack now and get lifetime free content updates<\/h2>\n<p class=\"lead\" style=\"text-align: center;\">Each purchase of Stack comes with six months free support \u2014 and a lifetime of free content and bug-fix updates.<\/p>\n<p>[\/vc_column_text][vc_empty_space]\n\t\t\t<div class=\"text-center\">\n\t\t\t\t<a class=\"btn btn--primary type--uppercase\" href=\"#\" target=\"_self\">\n\t\t\t\t    <span class=\"btn__text\">\n\t\t\t\t        Purchase On Envato\n\t\t\t\t    <\/span>\n\t\t\t\t    <span class=\"label\">$59 USD<\/span>\n\t\t\t\t<\/a>\n\t\t\t<\/div>\n\t\t[\/vc_column][vc_column width=&#8221;1\/4&#8243;][\/vc_column][\/vc_row][\/vc_section]<\/p>\n","protected":false},"excerpt":{"rendered":"<p>[vc_section][vc_row][vc_column][vc_column_text] Wy\u015bwietlacze do prowadzenia r\u00f3wnoleg\u0142ego oraz automatycznego kierowania R\u00f3\u017cnorodno\u015b\u0107 rozmiar\u00f3w i parametr\u00f3w technicznych [\/vc_column_text][\/vc_column][\/vc_row][\/vc_section][vc_section][vc_row][vc_column width=&#8221;1\/2&#8243;][\/vc_column][vc_column width=&#8221;1\/2&#8243;][\/vc_column][\/vc_row][\/vc_section][vc_section disable_element=&#8221;yes&#8221; el_class=&#8221;bg&#8211;secondary&#8221;][vc_row][vc_column width=&#8221;5\/12&#8243;][vc_empty_space][vc_column_text] Aplikacja na Twoje&#8230;<\/p>\n","protected":false},"author":1,"featured_media":0,"parent":0,"menu_order":0,"comment_status":"closed","ping_status":"closed","template":"","meta":{"footnotes":""},"class_list":["post-3063","page","type-page","status-publish","hentry"],"yoast_head":"<!-- This site is optimized with the Yoast SEO plugin v24.4 - https:\/\/yoast.com\/wordpress\/plugins\/seo\/ -->\n<title>Produkty - Agripilot<\/title>\n<meta name=\"robots\" content=\"index, follow, max-snippet:-1, max-image-preview:large, max-video-preview:-1\" \/>\n<link rel=\"canonical\" href=\"https:\/\/agripilot.com\/pl\/produkty\/\" \/>\n<meta property=\"og:locale\" content=\"pl_PL\" \/>\n<meta property=\"og:type\" content=\"article\" \/>\n<meta property=\"og:title\" content=\"Produkty - Agripilot\" \/>\n<meta property=\"og:description\" content=\"[vc_section][vc_row][vc_column][vc_column_text] Wy\u015bwietlacze do prowadzenia r\u00f3wnoleg\u0142ego oraz automatycznego kierowania R\u00f3\u017cnorodno\u015b\u0107 rozmiar\u00f3w i parametr\u00f3w technicznych [\/vc_column_text][\/vc_column][\/vc_row][\/vc_section][vc_section][vc_row][vc_column width=&#8221;1\/2&#8243;][\/vc_column][vc_column width=&#8221;1\/2&#8243;][\/vc_column][\/vc_row][\/vc_section][vc_section disable_element=&#8221;yes&#8221; el_class=&#8221;bg&#8211;secondary&#8221;][vc_row][vc_column width=&#8221;5\/12&#8243;][vc_empty_space][vc_column_text] Aplikacja na Twoje...\" \/>\n<meta property=\"og:url\" content=\"https:\/\/agripilot.com\/pl\/produkty\/\" \/>\n<meta property=\"og:site_name\" content=\"Agripilot\" \/>\n<meta property=\"article:publisher\" content=\"https:\/\/www.facebook.com\/agripilot\/\" \/>\n<meta property=\"article:modified_time\" content=\"2026-01-23T11:00:08+00:00\" \/>\n<meta property=\"og:image\" content=\"http:\/\/agripilot.com\/wp-content\/uploads\/2023\/02\/Agripilot-1110S-1000x1000-2-300x300.jpg\" \/>\n<meta name=\"twitter:card\" content=\"summary_large_image\" \/>\n<meta name=\"twitter:label1\" content=\"Szacowany czas czytania\" \/>\n\t<meta name=\"twitter:data1\" content=\"4 minuty\" \/>\n<script type=\"application\/ld+json\" class=\"yoast-schema-graph\">{\"@context\":\"https:\/\/schema.org\",\"@graph\":[{\"@type\":\"WebPage\",\"@id\":\"https:\/\/agripilot.com\/pl\/produkty\/\",\"url\":\"https:\/\/agripilot.com\/pl\/produkty\/\",\"name\":\"Produkty - Agripilot\",\"isPartOf\":{\"@id\":\"https:\/\/agripilot.com\/pl\/#website\"},\"primaryImageOfPage\":{\"@id\":\"https:\/\/agripilot.com\/pl\/produkty\/#primaryimage\"},\"image\":{\"@id\":\"https:\/\/agripilot.com\/pl\/produkty\/#primaryimage\"},\"thumbnailUrl\":\"http:\/\/agripilot.com\/wp-content\/uploads\/2023\/02\/Agripilot-1110S-1000x1000-2-300x300.jpg\",\"datePublished\":\"2022-01-09T15:56:34+00:00\",\"dateModified\":\"2026-01-23T11:00:08+00:00\",\"breadcrumb\":{\"@id\":\"https:\/\/agripilot.com\/pl\/produkty\/#breadcrumb\"},\"inLanguage\":\"pl-PL\",\"potentialAction\":[{\"@type\":\"ReadAction\",\"target\":[\"https:\/\/agripilot.com\/pl\/produkty\/\"]}]},{\"@type\":\"ImageObject\",\"inLanguage\":\"pl-PL\",\"@id\":\"https:\/\/agripilot.com\/pl\/produkty\/#primaryimage\",\"url\":\"http:\/\/agripilot.com\/wp-content\/uploads\/2023\/02\/Agripilot-1110S-1000x1000-2-300x300.jpg\",\"contentUrl\":\"http:\/\/agripilot.com\/wp-content\/uploads\/2023\/02\/Agripilot-1110S-1000x1000-2-300x300.jpg\"},{\"@type\":\"BreadcrumbList\",\"@id\":\"https:\/\/agripilot.com\/pl\/produkty\/#breadcrumb\",\"itemListElement\":[{\"@type\":\"ListItem\",\"position\":1,\"name\":\"Agripilot\",\"item\":\"https:\/\/agripilot.com\/pl\/\"},{\"@type\":\"ListItem\",\"position\":2,\"name\":\"Produkty\"}]},{\"@type\":\"WebSite\",\"@id\":\"https:\/\/agripilot.com\/pl\/#website\",\"url\":\"https:\/\/agripilot.com\/pl\/\",\"name\":\"Agripilot\",\"description\":\"Nawigacja rolnicza Agripilot do ka\u017cdego traktora & automatyczne kierowanie\",\"publisher\":{\"@id\":\"https:\/\/agripilot.com\/pl\/#organization\"},\"potentialAction\":[{\"@type\":\"SearchAction\",\"target\":{\"@type\":\"EntryPoint\",\"urlTemplate\":\"https:\/\/agripilot.com\/pl\/?s={search_term_string}\"},\"query-input\":{\"@type\":\"PropertyValueSpecification\",\"valueRequired\":true,\"valueName\":\"search_term_string\"}}],\"inLanguage\":\"pl-PL\"},{\"@type\":\"Organization\",\"@id\":\"https:\/\/agripilot.com\/pl\/#organization\",\"name\":\"Agripilot\",\"url\":\"https:\/\/agripilot.com\/pl\/\",\"logo\":{\"@type\":\"ImageObject\",\"inLanguage\":\"pl-PL\",\"@id\":\"https:\/\/agripilot.com\/pl\/#\/schema\/logo\/image\/\",\"url\":\"http:\/\/beta2021.agripilot.com\/wp-content\/uploads\/2021\/01\/agripilot-logo-dark.png\",\"contentUrl\":\"http:\/\/beta2021.agripilot.com\/wp-content\/uploads\/2021\/01\/agripilot-logo-dark.png\",\"width\":488,\"height\":126,\"caption\":\"Agripilot\"},\"image\":{\"@id\":\"https:\/\/agripilot.com\/pl\/#\/schema\/logo\/image\/\"},\"sameAs\":[\"https:\/\/www.facebook.com\/agripilot\/\",\"https:\/\/www.instagram.com\/agripilot\/\"]}]}<\/script>\n<!-- \/ Yoast SEO plugin. -->","yoast_head_json":{"title":"Produkty - Agripilot","robots":{"index":"index","follow":"follow","max-snippet":"max-snippet:-1","max-image-preview":"max-image-preview:large","max-video-preview":"max-video-preview:-1"},"canonical":"https:\/\/agripilot.com\/pl\/produkty\/","og_locale":"pl_PL","og_type":"article","og_title":"Produkty - Agripilot","og_description":"[vc_section][vc_row][vc_column][vc_column_text] Wy\u015bwietlacze do prowadzenia r\u00f3wnoleg\u0142ego oraz automatycznego kierowania R\u00f3\u017cnorodno\u015b\u0107 rozmiar\u00f3w i parametr\u00f3w technicznych [\/vc_column_text][\/vc_column][\/vc_row][\/vc_section][vc_section][vc_row][vc_column width=&#8221;1\/2&#8243;][\/vc_column][vc_column width=&#8221;1\/2&#8243;][\/vc_column][\/vc_row][\/vc_section][vc_section disable_element=&#8221;yes&#8221; el_class=&#8221;bg&#8211;secondary&#8221;][vc_row][vc_column width=&#8221;5\/12&#8243;][vc_empty_space][vc_column_text] Aplikacja na Twoje...","og_url":"https:\/\/agripilot.com\/pl\/produkty\/","og_site_name":"Agripilot","article_publisher":"https:\/\/www.facebook.com\/agripilot\/","article_modified_time":"2026-01-23T11:00:08+00:00","og_image":[{"url":"http:\/\/agripilot.com\/wp-content\/uploads\/2023\/02\/Agripilot-1110S-1000x1000-2-300x300.jpg","type":"","width":"","height":""}],"twitter_card":"summary_large_image","twitter_misc":{"Szacowany czas czytania":"4 minuty"},"schema":{"@context":"https:\/\/schema.org","@graph":[{"@type":"WebPage","@id":"https:\/\/agripilot.com\/pl\/produkty\/","url":"https:\/\/agripilot.com\/pl\/produkty\/","name":"Produkty - Agripilot","isPartOf":{"@id":"https:\/\/agripilot.com\/pl\/#website"},"primaryImageOfPage":{"@id":"https:\/\/agripilot.com\/pl\/produkty\/#primaryimage"},"image":{"@id":"https:\/\/agripilot.com\/pl\/produkty\/#primaryimage"},"thumbnailUrl":"http:\/\/agripilot.com\/wp-content\/uploads\/2023\/02\/Agripilot-1110S-1000x1000-2-300x300.jpg","datePublished":"2022-01-09T15:56:34+00:00","dateModified":"2026-01-23T11:00:08+00:00","breadcrumb":{"@id":"https:\/\/agripilot.com\/pl\/produkty\/#breadcrumb"},"inLanguage":"pl-PL","potentialAction":[{"@type":"ReadAction","target":["https:\/\/agripilot.com\/pl\/produkty\/"]}]},{"@type":"ImageObject","inLanguage":"pl-PL","@id":"https:\/\/agripilot.com\/pl\/produkty\/#primaryimage","url":"http:\/\/agripilot.com\/wp-content\/uploads\/2023\/02\/Agripilot-1110S-1000x1000-2-300x300.jpg","contentUrl":"http:\/\/agripilot.com\/wp-content\/uploads\/2023\/02\/Agripilot-1110S-1000x1000-2-300x300.jpg"},{"@type":"BreadcrumbList","@id":"https:\/\/agripilot.com\/pl\/produkty\/#breadcrumb","itemListElement":[{"@type":"ListItem","position":1,"name":"Agripilot","item":"https:\/\/agripilot.com\/pl\/"},{"@type":"ListItem","position":2,"name":"Produkty"}]},{"@type":"WebSite","@id":"https:\/\/agripilot.com\/pl\/#website","url":"https:\/\/agripilot.com\/pl\/","name":"Agripilot","description":"Nawigacja rolnicza Agripilot do ka\u017cdego traktora & automatyczne kierowanie","publisher":{"@id":"https:\/\/agripilot.com\/pl\/#organization"},"potentialAction":[{"@type":"SearchAction","target":{"@type":"EntryPoint","urlTemplate":"https:\/\/agripilot.com\/pl\/?s={search_term_string}"},"query-input":{"@type":"PropertyValueSpecification","valueRequired":true,"valueName":"search_term_string"}}],"inLanguage":"pl-PL"},{"@type":"Organization","@id":"https:\/\/agripilot.com\/pl\/#organization","name":"Agripilot","url":"https:\/\/agripilot.com\/pl\/","logo":{"@type":"ImageObject","inLanguage":"pl-PL","@id":"https:\/\/agripilot.com\/pl\/#\/schema\/logo\/image\/","url":"http:\/\/beta2021.agripilot.com\/wp-content\/uploads\/2021\/01\/agripilot-logo-dark.png","contentUrl":"http:\/\/beta2021.agripilot.com\/wp-content\/uploads\/2021\/01\/agripilot-logo-dark.png","width":488,"height":126,"caption":"Agripilot"},"image":{"@id":"https:\/\/agripilot.com\/pl\/#\/schema\/logo\/image\/"},"sameAs":["https:\/\/www.facebook.com\/agripilot\/","https:\/\/www.instagram.com\/agripilot\/"]}]}},"jetpack_sharing_enabled":true,"_links":{"self":[{"href":"https:\/\/agripilot.com\/pl\/wp-json\/wp\/v2\/pages\/3063","targetHints":{"allow":["GET"]}}],"collection":[{"href":"https:\/\/agripilot.com\/pl\/wp-json\/wp\/v2\/pages"}],"about":[{"href":"https:\/\/agripilot.com\/pl\/wp-json\/wp\/v2\/types\/page"}],"author":[{"embeddable":true,"href":"https:\/\/agripilot.com\/pl\/wp-json\/wp\/v2\/users\/1"}],"replies":[{"embeddable":true,"href":"https:\/\/agripilot.com\/pl\/wp-json\/wp\/v2\/comments?post=3063"}],"version-history":[{"count":32,"href":"https:\/\/agripilot.com\/pl\/wp-json\/wp\/v2\/pages\/3063\/revisions"}],"predecessor-version":[{"id":4063,"href":"https:\/\/agripilot.com\/pl\/wp-json\/wp\/v2\/pages\/3063\/revisions\/4063"}],"wp:attachment":[{"href":"https:\/\/agripilot.com\/pl\/wp-json\/wp\/v2\/media?parent=3063"}],"curies":[{"name":"wp","href":"https:\/\/api.w.org\/{rel}","templated":true}]}}